{"id":146,"date":"2011-06-02T13:45:40","date_gmt":"2011-06-02T13:45:40","guid":{"rendered":"http:\/\/www.karate.com.pl\/karate102\/?page_id=146"},"modified":"2013-10-14T12:18:19","modified_gmt":"2013-10-14T12:18:19","slug":"gosoku-ryu","status":"publish","type":"page","link":"https:\/\/karate.com.pl\/index.php\/styl-walki\/gosoku-ryu\/","title":{"rendered":"GOSOKU-RYU"},"content":{"rendered":"<p>&nbsp;<\/p>\n<p style=\"text-align: center;\"><a href=\"https:\/\/karate.com.pl\/wp-content\/uploads\/2011\/06\/godlo3.gif\"><img fetchpriority=\"high\" decoding=\"async\" class=\"aligncenter size-full wp-image-612\" title=\"godlo\" alt=\"Gosoku ryu\" src=\"https:\/\/karate.com.pl\/wp-content\/uploads\/2011\/06\/godlo3.gif\" width=\"240\" height=\"213\" \/><\/a><\/p>\n<table cellspacing=\"0\" cellpadding=\"0\">\n<tbody>\n<tr>\n<td valign=\"center\">W g\u00f3rnej cz\u0119\u015bci trzy znaki kanji:<\/td>\n<\/tr>\n<\/tbody>\n<\/table>\n<table cellspacing=\"0\" cellpadding=\"0\">\n<tbody>\n<tr>\n<td valign=\"center\"><strong>BU<\/strong><\/td>\n<td valign=\"center\">&#8211; wojenna (bojowa)<\/td>\n<\/tr>\n<tr>\n<td valign=\"center\"><strong>TOKU<\/strong><\/td>\n<td valign=\"center\">&#8211; cnota<\/td>\n<\/tr>\n<tr>\n<td valign=\"center\"><strong>KAN<\/strong><\/td>\n<td valign=\"center\">&#8211; dom, \u015bwi\u0105tynia<\/td>\n<\/tr>\n<tr>\n<td valign=\"center\"><strong>BUTOKUKAN<\/strong><\/td>\n<td valign=\"center\">&#8211; \u015awi\u0105tynia Cn\u00f3t Wojennych<\/td>\n<\/tr>\n<\/tbody>\n<\/table>\n<p>Znaki kanji w dolnym pasie tworz\u0105 napis: <strong>kokusai karate-do<\/strong>, czyli mi\u0119dzynarodowe karate-do &#8211; \u015bwiatowa droga karate.<\/p>\n<p style=\"text-align: justify;\"><strong>Shihan Tomasz Piotrkowicz wprowadzi\u0142 karate Gosoku-ryu do\u00a0Polski w 1992 r<\/strong>., zapraszaj\u0105c w grudniu tego roku tw\u00f3rc\u0119 stylu Gosoku\u00a0&#8211; <strong>soke Takayuki Kubota<\/strong> i jego uczni\u00f3w z Los Angeles do\u00a0Warszawskiego Centrum Karate. W Warszawie odby\u0142 si\u0119 towarzyski mecz karate mi\u0119dzy najbardziej zaawansowanymi uczniami soke Kuboty i shihana Piotrkowicza, transmitowany na\u00a0 \u017cywo przez dwie telewizje kablowe. W meczu wzi\u0119\u0142y udzia\u0142 dwie trzyosobowe dru\u017cyny z Polski: jedna zremisowa\u0142a z Amerykanami, a\u00a0druga przegra\u0142a 1:2.<\/p>\n<p style=\"text-align: justify;\">O\u00a0mistrzu Kubocie\u00a0Tomasz Piotrkowicz us\u0142ysza\u0142 od instruktor\u00f3w w\u0142oskich na pocz\u0105tku lat osiemdziesi\u0105tych. Niestety, stan wojenny w Polsce i p\u00f3\u017aniejsze utrudnienia paszportowe i wizowe\u00a0uniemo\u017cliwi\u0142y wyjazd reprezentacji studenckiej do W\u0142och\u00a0na mi\u0119dzynarodowe zawody z udzia\u0142em mistrza Kuboty. Shihan Piotrkowicz, kt\u00f3ry wtedy by\u0142 prezesem Studenckiej Federacji Karate musia\u0142 czeka\u0107 ponad 10 lat, \u017ceby osobi\u015bcie zetkn\u0105\u0107 si\u0119 z japo\u0144skim mistrzem. Spotkali si\u0119 w maju 1992 r. w Turynie, we\u00a0W\u0142oszech\u00a0na Coppa dei Campioni, gdzie Kubota da\u0142 pokaz swoich umiej\u0119tno\u015bci, wybieraj\u0105c shihana Piotrkowicza do pokazu i na nim demonstruj\u0105c swoje techniki walki wr\u0119cz i samoobrony za pomoc\u0105 narz\u0119dzia kubotan. Dzie\u0144 p\u00f3\u017aniej odby\u0142o si\u0119 seminarium z mistrzem Kubota i egzaminy na stopnie dan, podczas kt\u00f3rych Tomasz Piotrkowicz\u00a0zdoby\u0142 stopie\u0144 4. dan (by\u0142 to wtedy bardzo wysoki stopie\u0144 mistrzowski &#8211; sam Kubota nie mia\u0142 wtedy jeszcze\u00a010. dana\u00a0w karate; m\u00f3wi\u0142o si\u0119 o jego 8. danie). Wtedy te\u017c shihan Piotrkowicz zaprosi\u0142 po raz pierwszy do Polski mistrza Kubot\u0119, mieszkaj\u0105cego w Los Angeles.<\/p>\n<p style=\"text-align: justify;\">Shihan Tomasz Piotrkowicz mia\u0142 liczne mi\u0119dzynarodowe kontakty w \u015bwiecie karate, naucza\u0142 karate w s\u0105siaduj\u0105cych z Polsk\u0105 krajach\u00a0i swoim uczniom z Ukrainy, Bia\u0142orusi, Niemiec, Litwy\u00a0i Czech zarekomendowa\u0142 mistrza Kubot\u0119 i nam\u00f3wi\u0142 do \u0107wiczenia stylu Gosoku-ryu. Wcze\u015bniej\u00a0 wszyscy oni uczyli si\u0119 od mistrza Piotrkowicza stylu Shotokan i zasad karate sportowego. Zaowocowa\u0142o to sze\u015bcioma wizytami mistrza Kuboty w Polsce (do roku 2012) i seminariami\u00a0\u00a0z udzia\u0142em ekip z s\u0105siednich kraj\u00f3w.\u00a0 W 1997 r. shihan Piotrkowicz zorganizowa\u0142 w Warszawie najwi\u0119ksze i o najwy\u017cszej randze\u00a0zawody karate, jakie odby\u0142y si\u0119\u00a0do tego czasu w Polsce &#8211; <strong>VII Puchar \u015awiata Kuboty International Karate Association.<\/strong>\u00a0By\u0142y to <b>pierwsze mistrzostwa \u015bwiata karate, jakie odby\u0142y si\u0119 w Polsce! <\/b>W zawodach wzi\u0119li udzia\u0142 zawodnicy z 18 kraj\u00f3w, dru\u017cynowe walki wygrali za\u015b Polacy. Odby\u0142y si\u0119 te\u017c seminaria karate z mistrzami: soke Takayuki Kubota (USA), <strong>kancho Takemasa Okuyama<\/strong> (Kanada) i kancho <strong>Tewomoana Terupe<\/strong> (Australia). Shihan Piotrkowicz je\u017adzi\u0142 te\u017c z mistrzem Kubot\u0105 na Ukrain\u0119, przyczyniaj\u0105c si\u0119 tam do rozwoju najsilniejszego\u00a0o\u015brodka karate Gosoku-ryu na \u015bwiecie. Wraz ze swoimi uczniami odwiedza\u0142 mistrza w Los Angeles i bra\u0142 udzia\u0142 w wi\u0119kszo\u015bci imprez z udzia\u0142em mistrza Kuboty na \u015bwiecie. Jego uczniowie zdobywali tytu\u0142y mistrza \u015bwiata w Pucharach IKA &#8211; <strong>Micha\u0142 Piotrkowicz, syn Shihana zdoby\u0142 trzy medale na ostatnim Pucharze \u015awiata IKA\u00a0w Kanadzie<\/strong>. W 2007 r.\u00a0\u00a0shihan Piotrkowicz zorganizowa\u0142 <strong>Puchar Europy Kuboty w karate<\/strong>\u00a0z udzia\u0142em wielu zagranicznych ekip m.in. znakomitych fajter\u00f3w z Armenii, kt\u00f3rzy przybyli do Warszawy\u00a0z prezydentem Arme\u0144skiego Zwi\u0105zku Karate. Wtedy te\u017c z inicjatywy Shihana rozegrano walki mi\u0119kk\u0105 broni\u0105 oraz konkurencj\u0119 kata kenjutsu Toshin-ryu.<\/p>\n<p style=\"text-align: justify;\">Shihan Piotrkowicz ca\u0142y czas stara\u0142 si\u0119 udoskonala\u0107 karate stylu Kuboty, jak i jego\u00a0koncepcj\u0119 kubojitsu oraz kenjutsu Toshin-ryu. Stworzy\u0142 szko\u0142\u0119 kubojitsu MMA &#8211; wprowadzaj\u0105c techniki bokserskie i brazylijskiego jiu-jistu oraz\u00a0przetwarzaj\u0105c kubojitsu w prawdziw\u0105\u00a0szko\u0142\u0119 mieszanych sztuk walki. Dzi\u0119ki swojemu do\u015bwiadczeniu w battodo pokazywa\u0142 te\u017c zaawansowanym uczniom Kuboty w kenjutsu, jak przecina si\u0119 prawid\u0142owo ostrym mieczem,\u00a0wtajemniczaj\u0105c ich w technik\u0119 tameshigiri.<\/p>\n<p style=\"text-align: justify;\">Od 2007 r. shihan Tomasz Piotrkowicz wprowadzi\u0142 w szko\u0142ach <strong>Gosoku-ryu<\/strong> w Polsce stosowanie w walkach treningowych i sportowych nie tylko napi\u0119stnik\u00f3w, ale i kask\u00f3w ochronnych &#8211; men &#8211; z szyb\u0105 plastikow\u0105, os\u0142aniaj\u0105c\u0105 twarzoczaszk\u0119. Kaski nie s\u0105 po to, aby uderza\u0107 z ca\u0142ej si\u0142y lub nie kontrolowa\u0107 technik &#8211; chroni\u0105 one skutecznie g\u0142ow\u0119, zapewniaj\u0105c bardziej realn\u0105 i \u0142atwiejsz\u0105 do punktowania walk\u0119, przy zachowaniu kontroli si\u0142y uderze\u0144 i dystansu.\u00a0Od tego czasu nie zdarzy\u0142a si\u0119 \u017cadna kontuzja twarzy na zawodach <strong>karate Gosoku-ryu<\/strong>! Wyeliminowano te\u017c ci\u0105g\u0142y dylemat s\u0119dzi\u00f3w na zawodach karate: czy technika zadana na g\u0142ow\u0119 by\u0142a prawid\u0142owa, czy nie i z czy uderzony odni\u00f3s\u0142 kontuzj\u0119 czy tylko udaje? Ten system walki sportowej mistrz Piotrkowicz nazywa <strong>&#8222;safe control karate&#8221;<\/strong>.<\/p>\n<p>&nbsp;<\/p>\n<p>Poni\u017cej film obrazuj\u0105cy trafienia za pomoc\u0105 sportowych technik karate podczas XV i XVI Otwartych Mistrzostw Polski Karate Gosoku-ryu.<\/p>\n<p><iframe src=\"http:\/\/www.youtube.com\/embed\/V5tHkcAhk9M?rel=0\" height=\"510\" width=\"640\" frameborder=\"0\"><\/iframe><\/p>\n<p style=\"text-align: justify;\"><strong>Styl Gosoku-ryu <\/strong> to twarda i szybka szko\u0142a karate (<strong>go<\/strong>-twardo\u015b\u0107, <strong>soku<\/strong>-szybko\u015b\u0107, <strong>ryu<\/strong>-kierunek, ale i mi\u0119kko\u015b\u0107). Po\u0142\u0105czenie tych cech chyba najlepiej wida\u0107 u kot\u00f3w &#8211; szybkie, zwinne, ale jednocze\u015bnie pe\u0142ne si\u0142y ruchy obronne i pora\u017caj\u0105ce, dynamiczne kontrataki. To s\u0105 cechy tego wysoce skutecznego stylu samoobrony, kt\u00f3ry obok tradycyjnych technik karate (bazuj\u0105cych g\u0142\u00f3wnie na stylu Shotokan) zawiera w sobie nowoczesne sposoby obrony, jakie rozwin\u0119\u0142y si\u0119 w ostatnich latach. Przenikanie si\u0119 tradycji z nowoczesno\u015bci\u0105, si\u0142y z szybko\u015bci\u0105, obrony z nieustann\u0105 ofensyw\u0105 jest cech\u0105 wyr\u00f3\u017cniaj\u0105c\u0105 techniki tw\u00f3rcy stylu &#8211; mistrza Takayuki Kubota 10 dan. Ca\u0142e \u017cycie mistrza \u015bwiadczy o skuteczno\u015bci jego drogi karate (ci\u0119\u017ckie czasy powojenne, osobisty ochroniarz ambasadora USA w Japonii, ekspert policji japo\u0144skiej, a obecnie ameryka\u0144skiej i FBI od spraw walki wr\u0119cz, prezydent \u015awiatowego Stowarzyszenia Karate IKA, aktor i choreograf walk w Hollywood). W nauce stylu Gosoku-ryu adept poznaje podstawy tradycyjnych styl\u00f3w karate, nowoczesnej samoobrony, kobudo by wreszcie przej\u015b\u0107 do wysoce zindywidualizowanej nauki technik Gosoku-ryu. Mistrzowi Kubota, jako jednemu z niewielu\u00a0uda\u0142o si\u0119 po\u0142\u0105czy\u0107 w ca\u0142o\u015b\u0107 dwa z pozoru skrajnie przeciwstawne kierunki w rozwoju karate z Okinawy: shorin-ryu i shorei-ryu. Tworz\u0105c skuteczny styl samoobrony Gosoku-ryu w Polsce shihan Piotrkowicz, zgodnie z radami mistrza Kubota po\u0142o\u017cy\u0142 nacisk na rozw\u00f3j trzech dziedzin:<\/p>\n<p>1.\u00a0uniwersalnej promocji sztuki karate-do,<br \/>\n2.\u00a0adaptacji jej w kierunku praktycznego zastosowania,<br \/>\n3.\u00a0dostosowania metod nauczania i technik do wymaga\u0144 i poziomu r\u00f3\u017cnych ludzi, szczeg\u00f3lnie dzieci i os\u00f3b m\u0142odych.<\/p>\n<p>Szko\u0142a karate musi nie tylko rozwija\u0107 organizmy, ale i wychowywa\u0107 ludzi. Soke Kubota (tytu\u0142 &#8222;soke&#8221; &#8211; &#8222;tw\u00f3rcy stylu&#8221; mistrz Kubota oficjalnie otrzyma\u0142 w 1989 r.) wierzy, \u017ce karate stanowi swoisty podarunek kultury japo\u0144skiej dla reszty cywilizowanego \u015bwiata na progu nowego tysi\u0105clecia.<\/p>\n<p>&nbsp;<\/p>\n<p><!-- p.p1 {margin: 0.0px 0.0px 6.0px 0.0px; font: 13.0px Arial} span.s1 {color: #d20000} --><strong>KATA KOBUDO<\/strong> stworzone przez mistrza Kubot\u0119:<br \/>\n<strong>TONFA<\/strong> Washi no kata, Juji no uke.<br \/>\n<strong>JO<\/strong> Keibo jitsu, Ken shin ryu.<br \/>\n<strong>TSUE<\/strong> <strong><em>(laska)<\/em><\/strong> Tsue ichi no kata, ni no kata, san no kata, yon no kata, go no kata, roku no kata, Gyaku tsue no kata, Mawashi no kata,Gyaku mawashi no kata.<\/p>\n<p><strong>KATANA KATA<\/strong> stworzone przez mistrza Kubot\u0119: Sankaku giri, Atemi no kata, Kubo giri, Gyaku giri, Iaido ichi no kata, ni no kata, san no kata, Toshin.<\/p>\n<p>Soke Kubota jest tak\u017ce znany na ca\u0142ym \u015bwiecie jako tw\u00f3rca skutecznego systemu ju-jutsu z technikami obezw\u0142adnie\u0144, aresztowa\u0144 i walki zapa\u015bniczej <strong>KUBOTA JU-JITSU<\/strong>.<\/p>\n<p>Wynalaz\u0142 on tak\u017ce nowe narz\u0119dzia s\u0142u\u017c\u0105ce do samoobrony: <strong>KUBOTAN<\/strong> (pa\u0142eczka do kluczy) i <strong>KUBOTAI<\/strong> (po\u0142\u0105czenie nunchaku i szyd\u0142a).<\/p>\n<h1>Gosoku-ryu<\/h1>\n<p>&nbsp;<\/p>\n<p>&nbsp;<\/p>\n<p>&nbsp;<\/p>\n","protected":false},"excerpt":{"rendered":"<p>&nbsp; W g\u00f3rnej cz\u0119\u015bci trzy znaki kanji: BU &#8211; wojenna (bojowa) TOKU &#8211; cnota KAN &#8211; dom, \u015bwi\u0105tynia BUTOKUKAN &#8211;<\/p>\n","protected":false},"author":1,"featured_media":0,"parent":104,"menu_order":0,"comment_status":"open","ping_status":"open","template":"fullwidth.php","meta":{"footnotes":""},"class_list":["post-146","page","type-page","status-publish","hentry"],"_links":{"self":[{"href":"https:\/\/karate.com.pl\/index.php\/wp-json\/wp\/v2\/pages\/146","targetHints":{"allow":["GET"]}}],"collection":[{"href":"https:\/\/karate.com.pl\/index.php\/wp-json\/wp\/v2\/pages"}],"about":[{"href":"https:\/\/karate.com.pl\/index.php\/wp-json\/wp\/v2\/types\/page"}],"author":[{"embeddable":true,"href":"https:\/\/karate.com.pl\/index.php\/wp-json\/wp\/v2\/users\/1"}],"replies":[{"embeddable":true,"href":"https:\/\/karate.com.pl\/index.php\/wp-json\/wp\/v2\/comments?post=146"}],"version-history":[{"count":21,"href":"https:\/\/karate.com.pl\/index.php\/wp-json\/wp\/v2\/pages\/146\/revisions"}],"predecessor-version":[{"id":3116,"href":"https:\/\/karate.com.pl\/index.php\/wp-json\/wp\/v2\/pages\/146\/revisions\/3116"}],"up":[{"embeddable":true,"href":"https:\/\/karate.com.pl\/index.php\/wp-json\/wp\/v2\/pages\/104"}],"wp:attachment":[{"href":"https:\/\/karate.com.pl\/index.php\/wp-json\/wp\/v2\/media?parent=146"}],"curies":[{"name":"wp","href":"https:\/\/api.w.org\/{rel}","templated":true}]}}