{"id":231,"date":"2011-06-02T15:09:20","date_gmt":"2011-06-02T15:09:20","guid":{"rendered":"http:\/\/www.karate.com.pl\/karate102\/?page_id=231"},"modified":"2024-09-17T10:56:05","modified_gmt":"2024-09-17T10:56:05","slug":"mistrzowie-sztuk-walki","status":"publish","type":"page","link":"https:\/\/karate.com.pl\/index.php\/mistrzowie-karate\/mistrzowie-sztuk-walki\/","title":{"rendered":"JAPO\u0143SCY MISTRZOWIE"},"content":{"rendered":"<p>&nbsp;<\/p>\n<p><img decoding=\"async\" title=\"funakoshi\" src=\"https:\/\/karate.com.pl\/wp-content\/uploads\/2011\/06\/funakoshi3.jpg\" alt=\"Gichin Funakoshi\" width=\"180\" height=\"249\" \/><img decoding=\"async\" title=\"motto\" src=\"https:\/\/karate.com.pl\/wp-content\/uploads\/2011\/05\/motto.gif\" alt=\"Funakoshi karate ni sente nashi\" width=\"61\" height=\"330\" \/><\/p>\n<h3><strong>Gichin Funakoshi\u00a0 (1868-1957) <\/strong>&#8211; ojciec nowoczesnego karate<\/h3>\n<p>Skromny nauczyciel z Okinawy, kt\u00f3ry pierwszy zademonstrowa\u0142 w Kioto, a p\u00f3\u017aniej w Tokio w 1922r. na Pierwszej Narodowej Wystawie Atletycznej sztuk\u0119 walki wr\u0119cz\u00a0z Okinawy. By\u0142 uczniem mistrz\u00f3w okinawa\u0144skich: Anko Azato i Yasutsune Itosu. Zachwyci\u0142 on wielu ludzi na tyle, \u017ce pozosta\u0142 w Tokio i tu naucza\u0142 (g\u0142\u00f3wnie na uniwersytetach\u00a0) do ko\u0144ca swych lat (z przerw\u0105 na czas wojny). Dopiero po jego sukcesie inni eksperci przybywali z Okinawy naucza\u0107 karate w ca\u0142ej Japonii. Jego s\u0142ynne dojo <strong>Shotokan<\/strong> kojarzy si\u0119 obecnie z nazw\u0105 najliczniej na \u015bwiecie uprawianego stylu, kt\u00f3ry w swych odmianach r\u00f3\u017cni sie cz\u0119sto od stylu Funakoshiego. Nazwa Shotokan powsta\u0142a od pseudonimu literackiego Funakoshiego, kt\u00f3ry brzmia\u0142 &#8222;Shoto&#8221; &#8211; fale sosen, zapach sosen, przypominaj\u0105cego mu rodzim\u0105 Okinaw\u0119. &#8222;Kan&#8221;\u00a0oznacza o\u015brodek.\u00a0\u00a0Funakoshi nie przypuszczal, \u017ce b\u0119dzie to nazwa stylu karate; przez\u00a0ca\u0142e \u017cycie uwa\u017ca\u0142, \u017ce karate, bez wzgl\u0119du na r\u00f3\u017cnice techniczne w nauce r\u00f3\u017cnych mistrz\u00f3w, jest jedno. Mistrz Funakoshi upro\u015bci\u0142 i usystematyzowa\u0142 wiele kata &#8211; form z Okinawy, jednak je\u017celi chodzi o kumite, to nigdy nie wyszed\u0142 poza walk\u0119 aran\u017cowan\u0105, b\u0119d\u0105c przeciwnikiem spontanicznych walk i koncepcji sportowego karate. Dopiero w kilka miesi\u0119cy po jego \u015bmierci, jesieni\u0105 1957 r.\u00a0organizacja <strong>Japan Karate Association<\/strong>, kt\u00f3rej by\u0142 honorowym prezydentem zorganizowa\u0142a pierwsze w Japonii mistrzostwa w karate.<\/p>\n<p>Na oblicze wsp\u00f3\u0142czesnego stylu Shotokan wielki wp\u0142yw wywarli: <strong>Gigo Funakoshi<\/strong> &#8211; syn Mistrza, niestety przedwcze\u015bnie zmar\u0142y oraz <strong>Masatoshi Nakayama<\/strong> &#8211; przez ponad 30 lat pe\u0142ni\u0105cy, po \u015bmierci Funakoshiego, rol\u0119 przyw\u00f3dcy Japan Karate Association &#8211; JKA. \u00a0Wyd\u0142u\u017cono wtedy postawy: zenkutsu-dachi, kokutsu-dachi oraz kiba-dachi, dodano nowe kata, opracowano podstawy walki sportowej na punkty.<\/p>\n<p>Stary Mistrz Funakoshi\u00a0bardzo mocno podkre\u015bla\u0142 nakaz wyzbycia si\u0119 agresji, unikania niebezpiecze\u0144stw i nie d\u0105\u017cenia do konfrontacji. S\u0142ynne jest jego motto: <strong>karate ni sente nashi<\/strong> &#8211; karate pierwsze nie uderza &#8211; karate nie jest form\u0105 agresji.<\/p>\n<p>Taki napis jest wyryty na jego nagrobku w \u015bwi\u0105tyni Enkaku-ji w Kamakura pod Tokio\u00a0oraz w pobli\u017cu Budokanu w Naha na Okinawie.<\/p>\n<p><a href=\"https:\/\/karate.com.pl\/wp-content\/uploads\/2011\/06\/nagrobekMistrza.jpg\"><img fetchpriority=\"high\" decoding=\"async\" title=\"nagrobekMistrza\" src=\"https:\/\/karate.com.pl\/wp-content\/uploads\/2011\/06\/nagrobekMistrza.jpg\" alt=\"gr\u00f3b Funakoshi Gichin karate\" width=\"500\" height=\"334\" \/><\/a><\/p>\n<p><em>Fot.\u00a0Hanshi T. Piotrkowicz na grobie mistrza Funakoshi\u00a0 &#8211; Japonia 2008 r.<\/em><\/p>\n<p>&nbsp;<\/p>\n<p><a href=\"https:\/\/karate.com.pl\/wp-content\/uploads\/2011\/06\/okuyama13.jpg\"><img loading=\"lazy\" decoding=\"async\" title=\"okuyama1\" src=\"https:\/\/karate.com.pl\/wp-content\/uploads\/2011\/06\/okuyama13.jpg\" alt=\"\" width=\"212\" height=\"330\" \/><\/a><img loading=\"lazy\" decoding=\"async\" title=\"okuyama1\" src=\"https:\/\/karate.com.pl\/wp-content\/uploads\/2011\/06\/okuyama13.png\" alt=\"\" width=\"320\" height=\"330\" \/><\/p>\n<h3><strong>Takemasa Okuyama &#8211; mistrz karate i jujitsu<\/strong><\/h3>\n<p>Rozpocz\u0105\u0142 treningi w Japonii w wieku 7 lat. Zgodnie z tradycj\u0105 rodzinn\u0105 \u0107wiczy\u0142 sumo i judo. W wieku 13 lat zacz\u0105\u0142 uczy\u0107 si\u0119 karate od mistrza Kinjo z Okinawy. W 1960 r. rozpocz\u0105\u0142 <strong>studia na Uniwersytecie Takushoku<\/strong>, kt\u00f3ry zas\u0142yn\u0105\u0142 na ca\u0142ym \u015bwiecie ze szkolenia najlepszych instruktor\u00f3w <strong>karate Shotokan<\/strong>. Mia\u0142 okazj\u0119 trenowa\u0107 tam z najwi\u0119kszymi mistrzami\u00a0 <strong>JKA<\/strong> &#8211; Japan Karate Association, organizacji, kt\u00f3rej przewodzi\u0142 sam\u00a0 Masatoshi Nakayama &#8211; kierownik Studium Wychowania Fizycznego na tej uczelni. Studiowa\u0142 nauki polityczne i handel zagraniczny, regularnie \u0107wicz\u0105c karate z mistrzami: Tabata, Hamanaka i Tsuyama.<\/p>\n<p>W 1966 r. przyby\u0142 do USA w celu kontynuowania studi\u00f3w i rozpocz\u0105\u0142 treningi pod kierunkiem mistrza Takayuki Kubota (w 1992 r. otrzyma\u0142 od niego 8. dan i tytu\u0142 Kancho, kt\u00f3rego u\u017cywa do dzisiaj). Stoi na czele organizacji japo\u0144skich sztuk walki (w tym oczywi\u015bcie i karate)\u00a0<strong>Hachi-O-Kai World Budo Federation<\/strong>.\u00a0 Ma tysi\u0105ce wiernych mu uczni\u00f3w na kilku kontynentach, szczeg\u00f3lnie, poza Kanad\u0105, w USA, Ameryce Po\u0142udniowej (Kolumbii i\u00a0Ekwadorze), w Rosji, Indiach, Izraelu, W\u0119grzech, S\u0142owacji i Ukrainie. Otrzyma\u0142 klucze do miasta Cali w Kolumbii, specjalny medal od moskiewskiej policji, wiele nagr\u00f3d i zaszczytnych wyr\u00f3\u017cnie\u0144 w \u015bwiecie karate, jest m.in. cz\u0142onkiem &#8222;Hall of Fame&#8221; w Kanadzie i USA.<\/p>\n<p>Od 1970 r. mieszka w Kanadzie, gdzie jest jedn\u0105\u00a0 z najwa\u017cniejszych\u00a0postaci \u015bwiata karate (szczeg\u00f3lnie w\u015br\u00f3d uprawiaj\u0105cych Shotokan i Gosoku-ryu). Mistrz Okuyama jest prezydentem organizacji \u00a0<strong>Universal Peacekeeping Martial Arts Organization<\/strong>.<\/p>\n<p>Obecnie <strong>posiada najwy\u017cszy stopie\u0144 mistrzowski 10. dan.<\/strong><\/p>\n<div><a href=\"http:\/\/www.okuyamaupk.com\/sensei-bio\/160792649165705281_CT06KBIC_c.jpg?attredirects=0\"><img decoding=\"async\" src=\"http:\/\/www.okuyamaupk.com\/_\/rsrc\/1348845982932\/sensei-bio\/160792649165705281_CT06KBIC_c.jpg\" alt=\"\" border=\"0\" \/><\/a><\/div>\n<p>Od lat anga\u017cuje sie w dzia\u0142ania na rzecz pokoju na \u015bwiecie. Za swoj\u0105 dzia\u0142alno\u015b\u0107 otrzyma\u0142 klucze do bram miasta Cali w Kolumbii oraz specjaln\u0105 nagrod\u0119 od w\u0142adz miasta Be&#8217;er Sheva w Izraelu. Kancho Takemasa Okuyama &#8211; ekspert karate, jiu-jitsu i innych sztuk walki budo &#8211; jest tak\u017ce uznanym biznesmenem, prezydentem Hachi-O-Zan Ltd. oraz artyst\u0105, zajmuj\u0105cym si\u0119 kaligrafi\u0105, tradycyjnym malarstwem i gr\u0105 na japo\u0144skim flecie.<\/p>\n<p>Przed laty napisa\u0142 znakomit\u0105 ksi\u0105\u017ck\u0119 o karate, w szczeg\u00f3lno\u015bci o podstawowych kata Heian pt. &#8222;Ultimate Karate&#8221;<\/p>\n<p><a href=\"https:\/\/karate.com.pl\/wp-content\/uploads\/2011\/06\/Okuyama-book.jpg\"><img loading=\"lazy\" decoding=\"async\" class=\"aligncenter size-medium wp-image-3317\" src=\"https:\/\/karate.com.pl\/wp-content\/uploads\/2011\/06\/Okuyama-book-300x73.jpg\" alt=\"Ultimate Karate Okuyama\" width=\"300\" height=\"73\" srcset=\"https:\/\/karate.com.pl\/wp-content\/uploads\/2011\/06\/Okuyama-book-300x73.jpg 300w, https:\/\/karate.com.pl\/wp-content\/uploads\/2011\/06\/Okuyama-book.jpg 800w\" sizes=\"(max-width: 300px) 100vw, 300px\" \/><\/a><\/p>\n<p>Zapraszamy na stron\u0119 Mistrza w Kanadzie (i na jego stron\u0119 na Facebooku) <em><a href=\"http:\/\/www.okuyamaupk.com\/sensei-bio\">http:\/\/www.okuyamaupk.com<\/a><\/em><\/p>\n<p>[youtube]http:\/\/www.youtube.com\/watch?v=UbyN5qDgzqw[\/youtube]<\/p>\n<p>&nbsp;<\/p>\n<p>&nbsp;<\/p>\n<p><a href=\"https:\/\/karate.com.pl\/wp-content\/uploads\/2011\/06\/soke34.jpg\"><img loading=\"lazy\" decoding=\"async\" title=\"soke3\" src=\"https:\/\/karate.com.pl\/wp-content\/uploads\/2011\/06\/soke34.jpg\" alt=\"\" width=\"214\" height=\"331\" \/><\/a><img loading=\"lazy\" decoding=\"async\" title=\"kubota\" src=\"https:\/\/karate.com.pl\/wp-content\/uploads\/2011\/06\/kubota3.jpg\" alt=\"\" width=\"243\" height=\"331\" \/><\/p>\n<p>&nbsp;<\/p>\n<h3 style=\"text-align: justify;\">Takayuki Kubota (1934 &#8211; 2024) &#8211; &#8222;\u017bywa Legenda Karate&#8221;<\/h3>\n<p style=\"text-align: justify;\">Jeden z niewielu \u017cyj\u0105cych ju\u017c wielkich mistrz\u00f3w, kultywuj\u0105cych tradycje samurajskie we wsp\u00f3\u0142czesnym \u015bwiecie, posiadaj\u0105cy <strong>najwy\u017cszy stopie\u0144 w karate 10. dan<\/strong>. By\u0142 jednym z niewielu mistrz\u00f3w w \u015bwiecie japo\u0144skiego karate, kt\u00f3ry ma uznany przez Japo\u0144skie Ministerstwo Edukacji tytu\u0142 &#8222;<strong>soke<\/strong>&#8221; &#8211; tw\u00f3rcy, g\u0142owy stylu.<\/p>\n<p style=\"text-align: justify;\">Urodzi\u0142 si\u0119 w 1934 r. w Kumamoto &#8211; rejonie Japonii s\u0142ynnym z tradycji samurajskich. Ju\u017c w wieku 4 lat rozpocz\u0105\u0142 treningi ju-jutsu pod kierunkiem swego ojca, Denjiro. P\u00f3\u017aniej \u0107wiczy\u0142 u dw\u00f3ch ekspert\u00f3w okinawskiego karate, kt\u00f3rzy jako wojskowi stacjonowali w pobli\u017cu jego domu. Studiowa\u0142 wiele japo\u0144skich sztuk walki wr\u0119cz i mieczem, ale dominowa\u0142o u niego zami\u0142owanie do uprawiania karate, w kt\u00f3rym wykazywa\u0142 ogromny talent. Miar\u0105 jego talentu jest fakt, \u017ce <strong>w wieku 17 lat mia\u0142 w\u0142asne dojo<\/strong> w Tokio i by\u0142 konsultantem policji d\/s walki wr\u0119cz. Przez pewien czas pracowa\u0142 jako osobisty ochroniarz ambasadora USA.<\/p>\n<p style=\"text-align: justify;\">W 1964 roku przyby\u0142 do Stan\u00f3w na zaproszenie <strong>Eda Parkera<\/strong> &#8211; ojca ameryka\u0144skiego karate, daj\u0105c tak jak Bruce Lee pokazy walki wr\u0119cz. O\u017ceni\u0142 si\u0119 z Amerykank\u0105 i pozosta\u0142 w s\u0142onecznej Kalifornii, gdzie naucza karate blisko 60 lat w G\u0142\u00f3wnej Kwaterze International Karate Association w Glendale (Los Angeles). Organizacja IKA za\u0142o\u017cona zosta\u0142a w 1953 r. w Japonii, na jej czele stoi mistrz Kubota. Skupia ona \u0107wicz\u0105cych z ca\u0142ego \u015bwiata z r\u00f3\u017cnych styl\u00f3w karate: Gosoku-ryu, Shotokan, Shito-ryu, Goju-ryu, Uechi-ryu. Mistrz Kubota rozwin\u0105\u0142 techniki Shotokan na bazie obron Goju-ryu i stabilnych postaw Shito-ryu we w\u0142asn\u0105 drog\u0119 dynamicznego stylu Go-soku (go &#8211; twardo\u015b\u0107, soku &#8211; szybko\u015b\u0107). St\u0105d tytu\u0142, jaki nosi &#8211; Soke (mistrz i za\u0142o\u017cyciel stylu). Jego talenty wykorzystuje FBI i policja ameryka\u0144ska, a tak\u017ce Hollywood. Wyst\u0119powa\u0142, szkoli\u0142 aktor\u00f3w, uk\u0142ada\u0142 sekwencje walk w ponad 300 filmach, wsp\u00f3\u0142pracuj\u0105c z takimi gwiazdami Hollywood, jak: Yul Brenner, Charles Bronson, James Caan, Michael Douglas, Sean Connery, Christopher Lambert. To w\u0142a\u015bnie James Caan jest jednym z najwierniejszych uczni\u00f3w Soke, ekspertem walki lask\u0105 i honorowym prezydentem International Karate Association.<\/p>\n<p>Hanshi Tomasz Piotrkowicz 10.dan by\u0142 uczniem i przedstawicielem w Europie mistrza Kubota przez prawie 20 lat. Styl karate Mushin-ryu, jaki obecnie rozwija, bazuje na tradycyjnych stylach: Shorin-ryu, Shotokan, Wado-ryu, Goju-ryu i Shito-ryu, ale czerpie wiele z nauk mistrza Takayuki Kubota.<\/p>\n<p style=\"text-align: justify;\">Soke Kubota opracowa\u0142 nowe bronie, uznane przez prawo ameryka\u0144skie jako s\u0142u\u017c\u0105ce do samoobrony: kubotan i kubotai. Rozwin\u0105\u0142 techniki walki pa\u0142k\u0105 policyjn\u0105 PR24 i tonf\u0105.<\/p>\n<p style=\"text-align: justify;\">Jest autorem wielu ksi\u0105\u017cek i film\u00f3w szkoleniowych. Mo\u017cna o nim przeczyta\u0107 w Internecie, a w wydanej w USA encyklopedii wszystkich sztuk walki jego nazwisko wyst\u0119puje w dziewi\u0119ciu r\u00f3\u017cnych miejscach.<\/p>\n<p style=\"text-align: justify;\">Soke Takayuki Kubota jest mistrzem nast\u0119puj\u0105cych sztuk walki: karate, Toshin-ryu ken-jutsu, kendo, taiho-jutsu, kubo-jitsu, shindo-tsuye-jutsu, kubotan, kubotai, kubokido, aikido, judo. Ma w\u0142asn\u0105 stron\u0119 internetow\u0105, na kt\u00f3r\u0105 zapraszamy: <a href=\"http:\/\/www.ikakarate.com\/\">http:\/\/www.ikakarate.com<\/a><\/p>\n<p><object width=\"640\" height=\"510\" classid=\"clsid:d27cdb6e-ae6d-11cf-96b8-444553540000\" codebase=\"http:\/\/download.macromedia.com\/pub\/shockwave\/cabs\/flash\/swflash.cab#version=6,0,40,0\"><param name=\"allowFullScreen\" value=\"true\" \/><param name=\"allowscriptaccess\" value=\"always\" \/><param name=\"src\" value=\"http:\/\/www.youtube.com\/v\/WN--soveUqs?version=3&amp;hl=pl_PL\" \/><param name=\"allowfullscreen\" value=\"true\" \/><embed width=\"640\" height=\"510\" type=\"application\/x-shockwave-flash\" src=\"http:\/\/www.youtube.com\/v\/WN--soveUqs?version=3&amp;hl=pl_PL\" allowfullscreen=\"allowfullscreen\" allowscriptaccess=\"always\" allowfullscreen=\"allowfullscreen\" \/><\/object><\/p>\n<p>[youtube]http:\/\/www.youtube.com\/watch?v=hH8xH_CrwvY[\/youtube]<\/p>\n<p>&nbsp;<\/p>\n<p><em>\u00a0<\/em><\/p>\n<p style=\"text-align: left;\"><em>\u00a0<\/em><\/p>\n","protected":false},"excerpt":{"rendered":"<p>&nbsp; Gichin Funakoshi\u00a0 (1868-1957) &#8211; ojciec nowoczesnego karate Skromny nauczyciel z Okinawy, kt\u00f3ry pierwszy zademonstrowa\u0142 w Kioto, a p\u00f3\u017aniej w<\/p>\n","protected":false},"author":1,"featured_media":0,"parent":108,"menu_order":3,"comment_status":"open","ping_status":"open","template":"","meta":{"footnotes":""},"class_list":["post-231","page","type-page","status-publish","hentry"],"_links":{"self":[{"href":"https:\/\/karate.com.pl\/index.php\/wp-json\/wp\/v2\/pages\/231","targetHints":{"allow":["GET"]}}],"collection":[{"href":"https:\/\/karate.com.pl\/index.php\/wp-json\/wp\/v2\/pages"}],"about":[{"href":"https:\/\/karate.com.pl\/index.php\/wp-json\/wp\/v2\/types\/page"}],"author":[{"embeddable":true,"href":"https:\/\/karate.com.pl\/index.php\/wp-json\/wp\/v2\/users\/1"}],"replies":[{"embeddable":true,"href":"https:\/\/karate.com.pl\/index.php\/wp-json\/wp\/v2\/comments?post=231"}],"version-history":[{"count":53,"href":"https:\/\/karate.com.pl\/index.php\/wp-json\/wp\/v2\/pages\/231\/revisions"}],"predecessor-version":[{"id":10590,"href":"https:\/\/karate.com.pl\/index.php\/wp-json\/wp\/v2\/pages\/231\/revisions\/10590"}],"up":[{"embeddable":true,"href":"https:\/\/karate.com.pl\/index.php\/wp-json\/wp\/v2\/pages\/108"}],"wp:attachment":[{"href":"https:\/\/karate.com.pl\/index.php\/wp-json\/wp\/v2\/media?parent=231"}],"curies":[{"name":"wp","href":"https:\/\/api.w.org\/{rel}","templated":true}]}}