{"id":467,"date":"2011-05-03T14:44:38","date_gmt":"2011-05-03T14:44:38","guid":{"rendered":"http:\/\/127.0.0.1:4001\/wordpress\/karate102\/?page_id=467"},"modified":"2025-09-17T19:01:31","modified_gmt":"2025-09-17T19:01:31","slug":"oplaty","status":"publish","type":"page","link":"https:\/\/karate.com.pl\/index.php\/oplaty\/","title":{"rendered":"OP\u0141ATY"},"content":{"rendered":"\t\t<div data-elementor-type=\"wp-page\" data-elementor-id=\"467\" class=\"elementor elementor-467\">\n\t\t\t\t<div class=\"elementor-element elementor-element-735e6b16 e-flex e-con-boxed e-con e-parent\" data-id=\"735e6b16\" data-element_type=\"container\">\n\t\t\t\t\t<div class=\"e-con-inner\">\n\t\t\t\t<div class=\"elementor-element elementor-element-78ff2108 color-scheme-inherit text-left elementor-widget elementor-widget-text-editor\" data-id=\"78ff2108\" data-element_type=\"widget\" data-widget_type=\"text-editor.default\">\n\t\t\t\t<div class=\"elementor-widget-container\">\n\t\t\t\t\t\t\t\t\t<div style=\"height: 40px;\">\u00a0<\/div><h1 style=\"text-align: center; font-size: 22px;\"><span style=\"color: #ff0000;\">Rozpocz\u0119cie regularnych trening\u00f3w i zapis\u00f3w na nich od 8 wrze\u015bnia 2025!<\/span><\/h1><h1 style=\"text-align: center; font-size: 22px;\"><strong>pierwszy trening za darmo, zapisy bezpo\u015brednio na treningach &#8211; wpisowe 100 z\u0142<\/strong><\/h1><ul><li style=\"list-style-type: none;\"><ul><li>Zapisanie si\u0119 do Klubu polega na podaniu danych kontaktowych instruktorowi i uiszczeniu wpisowego w wysoko\u015bci 100 z\u0142 oraz jest r\u00f3wnoznaczne z zapoznaniem si\u0119 i akceptacj\u0105 <a href=\"#regulamin\">Regulaminu Centrum (poni\u017cej).<\/a><\/li><li>Nowy adept otrzymuje skrypt z wymaganiami na stopnie szkoleniowe karate. Poza tym u trenera mo\u017cliwe jest zakupienie dodatkowych materia\u0142\u00f3w szkoleniowych (<a href=\"https:\/\/karate.com.pl\/index.php\/portfolio-project\/podrecznik-karate-dvd\/\">Podr\u0119cznik DVD,<\/a>\u00a0<a href=\"https:\/\/karate.com.pl\/index.php\/publikacje-o-sztukach-walki\/ksiazki-karate\/\">ksi\u0105\u017cka<\/a>).<\/li><\/ul><\/li><\/ul><h3 style=\"text-align: center;\"><span style=\"color: #800000;\">Treningi prowadzone s\u0105 osobi\u015bcie przez posiadacza najwy\u017cszego stopnia w karate &#8211; 10. dan i jego asystent\u00f3w z czarnymi pasami!<\/span><\/h3><p style=\"text-align: center;\"><img fetchpriority=\"high\" decoding=\"async\" class=\"alignnone wp-image-10568 size-large\" src=\"http:\/\/karate.com.pl\/wp-content\/uploads\/2024\/09\/Tomasz-Piotrkowicz-1-752x1024.png\" alt=\"\" width=\"752\" height=\"1024\" srcset=\"https:\/\/karate.com.pl\/wp-content\/uploads\/2024\/09\/Tomasz-Piotrkowicz-1-752x1024.png 752w, https:\/\/karate.com.pl\/wp-content\/uploads\/2024\/09\/Tomasz-Piotrkowicz-1-220x300.png 220w, https:\/\/karate.com.pl\/wp-content\/uploads\/2024\/09\/Tomasz-Piotrkowicz-1-768x1046.png 768w, https:\/\/karate.com.pl\/wp-content\/uploads\/2024\/09\/Tomasz-Piotrkowicz-1-1128x1536.png 1128w, https:\/\/karate.com.pl\/wp-content\/uploads\/2024\/09\/Tomasz-Piotrkowicz-1.png 1214w\" sizes=\"(max-width: 752px) 100vw, 752px\" \/><\/p><h3 style=\"text-align: center;\">Zaj\u0119cia dwa razy w tygodniu na czterech obiektach, <span style=\"color: #800000;\">trenowa\u0107 mo\u017cna te\u017c cz\u0119\u015bciej\u00a0<\/span><\/h3><ul><li style=\"list-style-type: none;\"><ul><li>W terminie do 10 dni od zapisania si\u0119 nale\u017cy op\u0142aci\u0107 sk\u0142adk\u0119 cz\u0142onkowsk\u0105, kt\u00f3ra wynosi <strong>500 z\u0142<\/strong> za 2 miesi\u0105ce i uprawnia do udzia\u0142u w zaj\u0119ciach odbywaj\u0105cych si\u0119 we wszystkich <a href=\"https:\/\/karate.com.pl\/index.php\/karate-warszawa\">sekcjach karate<\/a> WCK w Warszawie. Kto\u015b, kto do\u0142\u0105cza w drugim miesi\u0105cu zbierania sk\u0142adki p\u0142aci <strong>250 z\u0142<\/strong> za ten miesi\u0105c. Op\u0142aty za treningi s\u0105 jednakowe bez wzgl\u0119du na to, ile dni \u015bwi\u0105t jest w danym miesi\u0105cu. Nie zmieniamy ich przez ca\u0142y rok szkolny. W drugim tygodniu ferii zimowych oraz w czasie wakacji letnich organizujemy treningi w ramach mo\u017cliwo\u015bci i zainteresowania uczestnik\u00f3w. W wakacje nie zbieramy op\u0142aty dwumiesi\u0119cznej.<\/li><li>Op\u0142aty zbierane s\u0105 w cyklach dwumiesi\u0119cznych, poczynaj\u0105c od wrze\u015bnia po 500 z\u0142 przed rozpocz\u0119ciem danego cyklu (nie p\u00f3\u017aniej ni\u017c w dziesi\u0105tym dniu cyklu). Mo\u017cna ich dokonywa\u0107 got\u00f3wk\u0105 lub przelewem na konto Klubu.<\/li><li>Op\u0142aty OPEN za uprawianie kilku sztuk walki (np. karate i chanbara czy jujitsu MMA) s\u0105 zbierane analogicznie po 800 z\u0142 za dwa miesi\u0105ce.<\/li><\/ul><\/li><\/ul><h3 style=\"text-align: center;\">Specjalne zni\u017cki<\/h3><ul><li><strong>\u00a0Trzecia i czwarta osoba z najbli\u017cszej rodziny trenuje gratis!<\/strong>\u00a0Zach\u0119camy do skorzystania ze specjalnej oferty, w ramach kt\u00f3rej <strong>trzeci i czwarty<\/strong> cz\u0142onek \u0107wicz\u0105cej w Klubie rodziny s\u0105 zwolnieni ze sk\u0142adki cz\u0142onkowskiej &#8211; <strong>trenuj\u0105 za darmo tak\u017ce w opcji open<\/strong>.<\/li><\/ul><ul><li style=\"list-style-type: none;\"><ul><li><strong>Op\u0142ata za ca\u0142y rok szkoleniowy ze zni\u017ck\u0105 10%<\/strong>. Je\u015bli kto\u015b chce zap\u0142aci\u0107 za ca\u0142y szkoleniowy rok: wrzesie\u0144 2025 &#8211; czerwiec 2026 to p\u0142aci przelewem <strong>2250 z\u0142<\/strong> na konto WCKarate albo za opcj\u0119 OPEN (uprawianie kilku sztuk walki) na konto ESBudo 3600 z\u0142.<\/li><li>Ponowna oferta op\u0142aty ze zni\u017ck\u0105. Do 15 listopada oferujemy zni\u017ck\u0119\u00a0 10% dla os\u00f3b, kt\u00f3re chc\u0105 zap\u0142aci\u0107 od listopada do czerwca, a wcze\u015bniej op\u0142aci\u0142y poprzednie miesi\u0105ce. Za treningi listopad 2025 &#8211; czerwiec 2026 op\u0142ata zni\u017ckowa wynosi <strong>1800 z\u0142<\/strong> (opcja open 2880 z\u0142).<\/li><\/ul><\/li><\/ul><ul><li style=\"list-style-type: none;\"><ul><li>Sk\u0142adki dwumiesi\u0119czne za karate mo\u017cna p\u0142aci\u0107 u trenera &#8211; hanshi Tomasza Piotrkowicza lub przelewem na <strong>konto Warszawskiego Centrum Karate<\/strong> nie p\u00f3\u017aniej ni\u017c do dziesi\u0105tego dnia miesi\u0105ca rozpoczynaj\u0105cego okres p\u0142acony:<\/li><li><strong>93 1090 1753 0000 0001 0166 1597<\/strong><\/li><li>podaj\u0105c imi\u0119, nazwisko \u0107wicz\u0105cego, sztuk\u0119 walki &#8211; karate i dzielnic\u0119, na kt\u00f3rej \u0107wiczy.<\/li><li>Op\u0142aty OPEN oraz za obozy letnie i zimowe, zawody, zgrupowania nale\u017cy wp\u0142aca\u0107 na <strong>konto Europejskiego Stowarzyszenia Budo:<\/strong><\/li><li><strong>39 1050 1025 1000 0090 7425 3551<\/strong><\/li><\/ul><\/li><\/ul><h3 style=\"text-align: center;\">Trening personalny<\/h3><ul><li style=\"list-style-type: none;\"><ul><li>W tygodniu w godzinach przedpo\u0142udniowych i w weekendy prowadzimy zaj\u0119cia indywidualne. Ze wzgl\u0119du na wysokie kwalifikacje naszych trener\u00f3w, tematyka zaj\u0119\u0107 obejmuje wiele aspekt\u00f3w sztuk walki. Od walki wr\u0119cz i walki w parterze po u\u017cycie pa\u0142ki czy broni bia\u0142ej.<\/li><li>W celu uzyskania szczeg\u00f3\u0142owych informacji i ustalenia terminu zaj\u0119\u0107 prosimy o <a href=\"https:\/\/karate.com.pl\/index.php\/kontakt\/\">kontakt<\/a> drog\u0105 telefoniczn\u0105 b\u0105d\u017a przez e-mail.<\/li><\/ul><\/li><\/ul><h3 style=\"text-align: center;\">Karnet OPEN<\/h3><ul><li style=\"list-style-type: none;\"><ul><li>Osoby, kt\u00f3re chc\u0105 rozszerzy\u0107 swoje umiej\u0119tno\u015bci poprzez udzia\u0142 w szkoleniach z zakresu innych sztuk walki mog\u0105 wykupi\u0107 karnet OPEN. Jego koszt to <strong>400<\/strong> z\u0142 miesi\u0119cznie (p\u0142atny 800 z\u0142 za dwa miesi\u0105ce) i uprawnia on do brania dodatkowo udzia\u0142u w zaj\u0119ciach takich, jak: <a title=\"boks MMA jiu-jitsu Warszawa\" href=\"http:\/\/www.mma.waw.pl\" target=\"_blank\" rel=\"noopener noreferrer\">mieszane sztuki walki MMA<\/a>, <a title=\"kobudo walka broni\u0105 Warszawa\" href=\"https:\/\/karate.com.pl\/index.php\/styl-walki\/kobudo\/\" target=\"_blank\" rel=\"noopener noreferrer\">KOBUDO<\/a> (walka broni\u0105 tradycyjn\u0105), <a title=\"kenjutsu szermierka iaido Warszawa\" href=\"http:\/\/www.battodo.pl\" target=\"_blank\" rel=\"noopener noreferrer\">szermierka samurajska battodo<\/a>, <a title=\"szermierka nowoczesne kendo\" href=\"http:\/\/www.chanbara.pl\" target=\"_blank\" rel=\"noopener noreferrer\">szermierka mi\u0119kk\u0105 broni\u0105 chanbara<\/a> czy te\u017c walka no\u017cem tanto-jutsu.<\/li><\/ul><\/li><\/ul><h3 style=\"text-align: center;\">Profesjonalne pokazy i szkolenia<\/h3><h3><a href=\"https:\/\/samurajshow.com\/\" target=\"_blank\" rel=\"noopener\"><span style=\"color: #ff0000;\">\u00a0 \u00a0 \u00a0 \u00a0 \u00a0 \u00a0 \u00a0 \u00a0 \u00a0 \u00a0 \u00a0 \u00a0 \u00a0 \u00a0 \u00a0 \u00a0 \u00a0 \u00a0 \u00a0 \u00a0 \u00a0 \u00a0 \u00a0 \u00a0 \u00a0 \u00a0 \u00a0 \u00a0 www.samurajshow.com<\/span><\/a><\/h3><h3 style=\"text-align: center;\">Egzaminy na stopnie uczniowskie i mistrzowskie<\/h3><ul><li style=\"list-style-type: none;\"><ul><li>Dwa, trzy razy do roku w Warszawskim Centrum Karate organizujemy egzaminy na <span style=\"color: #800000;\">stopnie uczniowskie kyu<\/span>, potwierdzaj\u0105ce klas\u0119 zdobytych umiej\u0119tno\u015bci, zwane popularnie pasami. Dzi\u0119ki temu \u0107wicz\u0105cy maj\u0105 mo\u017cliwo\u015b\u0107 sprawdzi\u0107 zar\u00f3wno swoje post\u0119py fizyczne, jak i dyspozycj\u0119 psychiczn\u0105.<\/li><li>Zwykle raz, maksymalnie dwa razy do roku organizowane s\u0105 egzaminy na <span style=\"color: #800000;\">stopnie mistrzowskie dan<\/span>.<\/li><li>Koszt egzamin\u00f3w na stopnie uczniowskie od 10. do 4. kyu to 100 z\u0142. Op\u0142ata egzaminacyjna w przypadku wy\u017cszych stopni uczniowskich (3. &#8211; 1. kyu) wynosi 200 z\u0142. Op\u0142aty egzaminacyjne, tak jak i przedp\u0142aty na obozy sportowe wp\u0142acamy na konto Europejskiego Stowarzyszenia Budo.<\/li><\/ul><\/li><\/ul><h3 style=\"text-align: center;\">Obozy sportowe<\/h3><ul><li style=\"list-style-type: none;\"><ul><li>Obozy letnie i zimowe odbywaj\u0105 si\u0119 pod auspicjami Europejskiego Stowarzyszenia Budo, cz\u0119sto z udzia\u0142em go\u015bci z innych klub\u00f3w z kraju i zagranicy. <strong>Letnia Akademia Karate<\/strong> odbywa si\u0119 w czasie wakacji letnich.\u00a0 Nie s\u0105 to kolonie letnie i odbywaj\u0105 si\u0119 w o\u015brodkach o wy\u017cszym standardzie, tak\u017ce w o\u015brodkach przygotowa\u0144 olimpijskich.\u00a0 Dzieci trenuj\u0105ce karate w wieku do 10 lat musz\u0105 jecha\u0107 na ob\u00f3z z rodzicami, dziadkami albo opiekunem. My dostarczamy wychowawc\u0119 &#8211; trenera dla m\u0142odzie\u017cy w wieku 11 &#8211; 17 lat. Co kilka lat zmieniamy lokalizacj\u0119 obozu.\u00a0 Obozy te przeznaczone s\u0105 zar\u00f3wno dla pojedynczych os\u00f3b, uprawiaj\u0105cych karate, jak i <strong>dla ca\u0142ych rodzin<\/strong>. Staramy si\u0119 zapewnia\u0107 do\u015b\u0107 komfortowe warunki, bardzo dobre od\u017cywienie i urozmaicone zaplecze sportowe. St\u0105d na nasze obozy przyje\u017cd\u017caj\u0105 te\u017c go\u015bcie z innych klub\u00f3w, nawet z zagranicy. Wykwalifikowana kadra instruktorska pod kierunkiem <strong>hanshi Tomasza Piotrkowicza 10. dan<\/strong> &#8211; prekursora karate w Polsce oraz <strong>shihana Micha\u0142a Piotrkowicza 6. dan<\/strong> &#8211; mistrza \u015bwiata w karate prowadzi urozmaicone i ciekawe treningi, tak\u017ce dla rodzic\u00f3w, kt\u00f3rych dzieci trenuj\u0105 w Centrum.<\/li><li><strong>Zimowy Ob\u00f3z Samuraj\u00f3w<\/strong> prowadzony jest w czasie ferii zimowych warszawskich. Mamy do dyspozycji komfortowe o\u015brodki wczasowe i \u00a0hotele po\u0142o\u017cone w g\u00f3rach, gdzie uprawiamy tak\u017ce <strong>sporty zimowe<\/strong> &#8211; narciarstwo, \u0142y\u017cwiarstwo, saneczkarstwo.\u00a0<\/li><\/ul><\/li><\/ul><h3 style=\"text-align: center;\">Seminaria<\/h3><ul><li style=\"list-style-type: none;\"><ul><li>Co pewien czas (zwykle raz &#8211; dwa razy do roku) hanshi Piotrkowicz organizuje specjalne seminaria (sta\u017ce) budo &#8211; cykle trening\u00f3w i wyk\u0142ad\u00f3w o japo\u0144skich sztukach walki, na kt\u00f3rych go\u015bcimy cz\u0119sto innych wybitnych\u00a0 mistrz\u00f3w, tak\u017ce z Japonii. Na imprezy te przyje\u017cd\u017caj\u0105 go\u015bcie z innych klub\u00f3w z Polski i zagranicy. Udzia\u0142 w mi\u0119dzynarodowym seminarium karate i kobudo potwierdzony jest specjalnym certyfikatem, podpisanym przez mistrz\u00f3w prowadz\u0105cych oraz pami\u0105tkowymi zdj\u0119ciami. Hanshi Piotrkowicz \u0107wiczy i przyja\u017ani si\u0119 z wieloma wybitnymi ekspertami japo\u0144skich sztuk walki budo: karate, jiu-jitsu, kobudo, kenjutsu, battodo. St\u0105d wiele wizyt japo\u0144skich s\u0142aw karate, takich jak mistrzowie: Ochi, Marutani, Arakawa, Imura, Imamura, Kubota, Demura, Okuyama. Ostatnie seminaria, kt\u00f3re organizowa\u0142 w Warszawie z japo\u0144skimi mistrzami to: karate i jiu-jitsu z Takemasa Okuyama 10. dan oraz\u00a0 battodo z Mitsuhiro Saruta 10. dan oraz iaido i battodo z Yoji Yamanaka 8. dan. O terminie i kosztach udzia\u0142u w seminarium adepci Warszawskiego Centrum Karate s\u0105 powiadamiani z odpowiednim wyprzedzeniem.<\/li><\/ul><\/li><\/ul><h3 style=\"text-align: center;\">Mi\u0119dzynarodowe turnieje<\/h3><ul><li>Warszawskie Centrum Karate przy udziale Europejskiego Stowarzyszenia Budo i we wsp\u00f3\u0142pracy ze \u015bwiatowymi zwi\u0105zkami sportowymi organizuje i koordynuje szereg imprez ze \u015bwiata karate i innych sztuk budo: <strong>Mi\u0119dzynarodowy Turniej Mistrz\u00f3w<\/strong> &#8211; turniej przekrojowy &#8211; ro\u017cnych sport\u00f3w walki,\u00a0 <strong>Mistrzostwa Europy Mushin Ryu Bu Jutsu<\/strong> w r\u00f3\u017cnych sportach i sztukach walki wg nowego stylu Mushin-ryu, <strong>Warsaw Karate Open<\/strong> (karate), <strong>Otwarte Mistrzostwa Polski Spochan<\/strong> (sportowa chanbara), <strong>Porando Battodo Tai Kai<\/strong> (seminarium i zawody szermierki samurajskiej). Zawodnicy Centrum maj\u0105 mo\u017cliwo\u015b\u0107 skonfrontowania swoich umiej\u0119tno\u015bci z zawodnikami innych klub\u00f3w po wniesieniu op\u0142at startowych i odbyciu odpowiednich bada\u0144 lekarskich. Mistrz Tomasz Piotrkowic zorganizowa\u0142 <strong>pierwsze w Polsce mistrzostwa \u015bwiata w karate<\/strong>, w Warszawie w 1997 roku.<\/li><\/ul><p style=\"text-align: center;\"><a href=\"https:\/\/karate.com.pl\/wp-content\/uploads\/2011\/05\/mma01.jpg\"><img decoding=\"async\" class=\"aligncenter wp-image-1620 \" title=\"centrum MMA Warszawa\" src=\"http:\/\/karate.com.pl\/wp-content\/uploads\/2011\/05\/mma01-704x1024.jpg\" alt=\"centrum MMA Warszawa\" width=\"569\" height=\"828\" srcset=\"https:\/\/karate.com.pl\/wp-content\/uploads\/2011\/05\/mma01-704x1024.jpg 704w, https:\/\/karate.com.pl\/wp-content\/uploads\/2011\/05\/mma01-206x300.jpg 206w, https:\/\/karate.com.pl\/wp-content\/uploads\/2011\/05\/mma01.jpg 1500w\" sizes=\"(max-width: 569px) 100vw, 569px\" \/><\/a><a href=\"https:\/\/karate.com.pl\/wp-content\/uploads\/2011\/05\/mma01.jpg\">Shihan Micha\u0142 Piotrkowicz\u00a0 w walce muay-thai.<\/a><\/p><h3 style=\"text-align: center;\">REGULAMIN WARSZAWSKIEGO CENTRUM KARATE<\/h3><ol><li style=\"list-style-type: none;\"><ol><li>W zaj\u0119ciach w Klubie mog\u0105 bra\u0107 udzia\u0142, na w\u0142asn\u0105 odpowiedzialno\u015b\u0107, osoby zdrowe, a w przypadku os\u00f3b niepe\u0142noletnich decyzj\u0119 o \u00a0przyst\u0105pieniu do Klubu i udziale w treningach podejmuj\u0105 rodzice lub opiekunowie poprzez zgod\u0119 wyra\u017con\u0105 osobi\u015bcie instruktorowi lub w formie pisemnej. Udzia\u0142 w treningach nale\u017cy skonsultowa\u0107 z lekarzem &#8211; chodzi o treningi o charakterze rekreacyjnym. Udzia\u0142 w nich jest na w\u0142asn\u0105 (opiekuna) odpowiedzialno\u015b\u0107! Zawodnicy Klubu, bior\u0105cy udzia\u0142\u00a0 w walkach sportowych \u00a0karate musz\u0105 mie\u0107 aktualne badania lekarza sportowego, zgodnie z obowi\u0105zuj\u0105cymi przepisami w sporcie wyczynowym.<\/li><li>Doros\u0142y uczestnik lub opiekun prawny osoby niepe\u0142noletniej jest zobowi\u0105zany do zapoznania si\u0119 i zaakceptowania powy\u017cszego Regulamiu. Op\u0142acenie pierwszej sk\u0142adki lub wpisowego do Klubu jest r\u00f3wnoznaczne z potwierdzeniem zapoznania si\u0119 i zaakceptowaniem powy\u017cszego regulaminu!<\/li><li><strong>Klub zapewnia fachowe prowadzenie trening\u00f3w, zgodne z wymogami bezpiecze\u0144stwa<\/strong>. Na zaj\u0119ciach nale\u017cy podporz\u0105dkowa\u0107 si\u0119 poleceniom instruktora.<\/li><li>Nie prowadzimy zaj\u0119\u0107 w \u015bwi\u0119ta, a w ograniczonym zakresie w dni wolne od nauki szkolnej.<\/li><li>Zaj\u0119cia, kt\u00f3re nie odby\u0142y si\u0119 z przyczyn niezale\u017cnych od Klubu (np. z winy gospodarza obiektu) mog\u0105 zosta\u0107 odrobione w innym terminie w miar\u0119 mo\u017cliwo\u015bci.<\/li><li>Nie ponosimy odpowiedzialno\u015bci za rzeczy pozostawione w szatni oraz za opiek\u0119 nad niepe\u0142noletnimi poza treningiem na sali treningowej.<\/li><li>Przyst\u0105pienie do trening\u00f3w w Klubie wymaga zapisania si\u0119 z podaniem niezb\u0119dnych danych oraz uiszczenia, najp\u00f3\u017aniej przed drugimi zaj\u0119ciami, w kt\u00f3rych chce uczestniczy\u0107 nowy adept <strong>wpisowego do Warszawskiego Centrum Karate<\/strong>, kt\u00f3rego wysoko\u015b\u0107 oraz zakres otrzymywanych w jego ramach pomocy do nauki\u00a0jest ustalana raz do roku.<\/li><li>Dane w postaci telefonu, maila i roku urodzenia uczestnika s\u0105 przechowywane przez Warszawskie Centrum Karate i nie s\u0105 udost\u0119pniane \u017cadnym osobom i firmom, poza prowadz\u0105cymi Klub i treningi. S\u0142u\u017c\u0105 kontaktowi z uczestnikiem b\u0105d\u017a jego opiekunem prawnym w celach informacji o dzia\u0142alno\u015bci Klubu, trening\u00f3w, a przede wszystkim ze wzgl\u0119d\u00f3w bezpiecze\u0144stwa. Po ustaniu uczestnictwa w treningach i rozliczeniu si\u0119 z Klubem za zaj\u0119cia dane s\u0105 kasowane\u00a0 po up\u0142ywie trzech miesi\u0119cy.<\/li><li>Sk\u0142adk\u0119 bie\u017c\u0105c\u0105 za treningi (dwumiesi\u0119czn\u0105) op\u0142acamy przed rozpocz\u0119ciem trening\u00f3w w op\u0142acanym dwumiesi\u0119cznym cyklu. Dopuszczalna zw\u0142oka wynosi 10 dni. Na przyk\u0142ad trenuj\u0105cy op\u0142aca listopad-grudzie\u0144\u00a0 najp\u00f3\u017aniej ostatniego dnia pa\u017adziernika (nie p\u00f3\u017aniej ni\u017c przed dziesi\u0105tym listopada).<\/li><li>Sk\u0142adka bie\u017c\u0105ca dla nowych os\u00f3b (przy ich wst\u0105pieniu do Centrum) ustalana jest nast\u0119puj\u0105co: do czwartego treningu w danym miesi\u0105cu p\u0142atno\u015b\u0107 za ca\u0142y miesi\u0105c, od pi\u0105tego treningu p\u0142atno\u015b\u0107 za po\u0142ow\u0119 miesi\u0105ca.<\/li><li><strong>Sk\u0142adki za treningi<\/strong> zbierane s\u0105 co dwa miesi\u0105ce od wrze\u015bnia do czerwca, najp\u00f3\u017aniej do 10 dni od rozpocz\u0119cia zaj\u0119\u0107. Ustalana jest raz do roku.<\/li><li>Wszystkie sk\u0142adki s\u0105 w jednakowej wysoko\u015bci, bez wzgl\u0119du na d\u0142ugo\u015b\u0107 trwania danego miesi\u0105ca i wyst\u0119puj\u0105ce w nim dni wolne od nauki i trening\u00f3w.<\/li><li>Wp\u0142acone sk\u0142adki nie podlegaj\u0105 zwrotowi. W razie choroby, trwaj\u0105cej ponad\u00a0trzy tygodnie\u00a0lub kontuzji, po\u015bwiadczonych przez lekarza, sk\u0142adka mo\u017ce zosta\u0107 przeniesiona na kolejny okres.<\/li><li>Przerwanie ci\u0105g\u0142o\u015bci op\u0142at sk\u0142adki powoduje konieczno\u015b\u0107 uiszczenia wpisowego przed przyst\u0105pieniem do zaj\u0119\u0107, bez otrzymywania \u017cadnych nale\u017cnych pocz\u0105tkuj\u0105cym pomocy\u00a0do nauki.<\/li><li>Trzecia i czwarta osoba z najbli\u017cszej rodziny zwolnione s\u0105 z p\u0142acenia sk\u0142adek za treningi, tylko wymagane jest wpisowe do Centrum.<\/li><li>Dokonanie wp\u0142aty na konto Klubu za treningi ca\u0142oroczne lub od listopada do czerwca, w terminie do 15 listopada, uprawnia do ustalonej zni\u017cki, oko\u0142o 10%. Nie dotyczy to wpisowego. Wp\u0142ata ze zni\u017ck\u0105 nie podlega zwrotowi w przypadku rezygnacji w trakcie jej trwania.<\/li><li>Uczestnictwo w\u00a0 letnich i zimowych obozach Warszawskiego Centrum Karate oraz w seminariach nie jest obowi\u0105zkowe, ale zalecane, szczeg\u00f3lnie w przypadku zaawansowanych karateka. Osoby, kt\u00f3re nie b\u0119d\u0105 uczestniczy\u0107 w tych imprezach mog\u0105 si\u0119 liczy\u0107 z odmow\u0105 promocji na wy\u017cszy stopie\u0144.<\/li><li>Przyst\u0105pienie do egzamin\u00f3w na stopnie szkoleniowe i mistrzowskie, starty w zawodach \u00a0oraz udzia\u0142 w letnich i zimowych obozach zwi\u0105zane jest z cz\u0142onkostwem w Europejskim Stowarzyszeniu Budo. O cz\u0142onkostwie za\u015bwiadcza specjalny identyfikator ESBudo.<\/li><\/ol><\/li><\/ol>\t\t\t\t\t\t\t\t<\/div>\n\t\t\t\t<\/div>\n\t\t\t\t\t<\/div>\n\t\t\t\t<\/div>\n\t\t\t\t<\/div>\n\t\t","protected":false},"excerpt":{"rendered":"<p>&nbsp; Rozpocz\u0119cie regularnych trening\u00f3w i zapis\u00f3w na nich od 8 wrze\u015bnia 2025! pierwszy trening za darmo, zapisy bezpo\u015brednio na treningach<\/p>\n","protected":false},"author":1,"featured_media":0,"parent":0,"menu_order":0,"comment_status":"open","ping_status":"closed","template":"","meta":{"footnotes":""},"class_list":["post-467","page","type-page","status-publish","hentry"],"_links":{"self":[{"href":"https:\/\/karate.com.pl\/index.php\/wp-json\/wp\/v2\/pages\/467","targetHints":{"allow":["GET"]}}],"collection":[{"href":"https:\/\/karate.com.pl\/index.php\/wp-json\/wp\/v2\/pages"}],"about":[{"href":"https:\/\/karate.com.pl\/index.php\/wp-json\/wp\/v2\/types\/page"}],"author":[{"embeddable":true,"href":"https:\/\/karate.com.pl\/index.php\/wp-json\/wp\/v2\/users\/1"}],"replies":[{"embeddable":true,"href":"https:\/\/karate.com.pl\/index.php\/wp-json\/wp\/v2\/comments?post=467"}],"version-history":[{"count":65,"href":"https:\/\/karate.com.pl\/index.php\/wp-json\/wp\/v2\/pages\/467\/revisions"}],"predecessor-version":[{"id":11225,"href":"https:\/\/karate.com.pl\/index.php\/wp-json\/wp\/v2\/pages\/467\/revisions\/11225"}],"wp:attachment":[{"href":"https:\/\/karate.com.pl\/index.php\/wp-json\/wp\/v2\/media?parent=467"}],"curies":[{"name":"wp","href":"https:\/\/api.w.org\/{rel}","templated":true}]}}